{"id":546,"date":"2017-04-04T11:12:34","date_gmt":"2017-04-04T15:12:34","guid":{"rendered":"https:\/\/www.syn-yeraz.com\/TRUSTED-TheBook\/contact\/"},"modified":"2026-03-30T20:12:08","modified_gmt":"2026-03-30T20:12:08","slug":"contact","status":"publish","type":"page","link":"https:\/\/www.syn-yeraz.com\/TRUSTED-TheBook\/contact\/","title":{"rendered":"Contact"},"content":{"rendered":"<div class=\"wpb-content-wrapper\"><p>[vc_row full_width=&#8221;stretch_row&#8221; equal_height=&#8221;yes&#8221; bg_type=&#8221;bg_color&#8221; type=&#8221;vc_default&#8221; margin_top=&#8221;75&#8243; margin_bottom=&#8221;-20&#8243; css=&#8221;.vc_custom_1491379839707{padding-top: 70px !important;padding-bottom: 70px !important;background-color: #ffffff !important;}&#8221; bg_color_value=&#8221;#ffffff&#8221;][vc_column css=&#8221;.vc_custom_1479032696835{padding-bottom: 40px !important;}&#8221; offset=&#8221;vc_col-lg-offset-1 vc_col-lg-10 vc_col-md-offset-0 vc_col-md-12 vc_col-sm-offset-0&#8243;][vc_row_inner equal_height=&#8221;yes&#8221;][vc_column_inner width=&#8221;1\/3&#8243; css=&#8221;.vc_custom_1479032888299{padding-bottom: 35px !important;}&#8221;]<div id=\"ultimate-heading-831869f1c3e06acf1\" class=\"uvc-heading ult-adjust-bottom-margin ultimate-heading-831869f1c3e06acf1 uvc-5888 color-title accent-icon-color\" data-hspacer=\"icon_only\"  data-halign=\"center\" style=\"text-align:center\"><div class=\"uvc-heading-spacer icon_only\" style=\"margin-bottom:20px;\"><div class=\"ult-just-icon-wrapper  \"><div class=\"align-icon\" style=\"text-align:center;\">\n<div class=\"aio-icon none \"  style=\"font-size:48px;display:inline-block;\">\n\t<i class=\"icomoon-font-awesome-14x14-map-o\"><\/i>\n<\/div><\/div><\/div><\/div><div class=\"uvc-main-heading ult-responsive\"  data-ultimate-target='.uvc-heading.ultimate-heading-831869f1c3e06acf1 h2'  data-responsive-json-new='{\"font-size\":\"desktop:12px;\",\"line-height\":\"desktop:24px;\"}' ><h2 style=\"font-weight:bold;color:#bbbbbb;margin-bottom:4px;\">OUR LOCATION<\/h2><\/div><div class=\"uvc-sub-heading ult-responsive\"  data-ultimate-target='.uvc-heading.ultimate-heading-831869f1c3e06acf1 .uvc-sub-heading '  data-responsive-json-new='{\"font-size\":\"\",\"line-height\":\"\"}'  style=\"font-weight:bold;margin-bottom:0px;\">Luxembourg, LU<\/p>\n<p>Brussels, BE<\/p>\n<p>Paris, FR<\/div><\/div>[\/vc_column_inner][vc_column_inner width=&#8221;1\/3&#8243; css=&#8221;.vc_custom_1479032916919{padding-bottom: 35px !important;}&#8221;]<div id=\"ultimate-heading-334769f1c3e06aded\" class=\"uvc-heading ult-adjust-bottom-margin ultimate-heading-334769f1c3e06aded uvc-2321 color-title accent-icon-color\" data-hspacer=\"icon_only\"  data-halign=\"center\" style=\"text-align:center\"><div class=\"uvc-heading-spacer icon_only\" style=\"margin-bottom:20px;\"><div class=\"ult-just-icon-wrapper  \"><div class=\"align-icon\" style=\"text-align:center;\">\n<div class=\"aio-icon none \"  style=\"font-size:48px;display:inline-block;\">\n\t<i class=\"icomoon-font-awesome-14x14-phone\"><\/i>\n<\/div><\/div><\/div><\/div><div class=\"uvc-main-heading ult-responsive\"  data-ultimate-target='.uvc-heading.ultimate-heading-334769f1c3e06aded h2'  data-responsive-json-new='{\"font-size\":\"desktop:12px;\",\"line-height\":\"desktop:24px;\"}' ><h2 style=\"font-weight:bold;color:#bbbbbb;margin-bottom:4px;\">CALL US<\/h2><\/div><div class=\"uvc-sub-heading ult-responsive\"  data-ultimate-target='.uvc-heading.ultimate-heading-334769f1c3e06aded .uvc-sub-heading '  data-responsive-json-new='{\"font-size\":\"\",\"line-height\":\"\"}'  style=\"font-weight:bold;margin-bottom:0px;\">+352 691 935 656 (LU)<br \/>\n+33 7 61 56 58 37 (FR)<br \/>\n+32 475 95 13 58 (BE)<\/p>\n<p><\/div><\/div>[\/vc_column_inner][vc_column_inner width=&#8221;1\/3&#8243; css=&#8221;.vc_custom_1479032922138{padding-bottom: 35px !important;}&#8221;]<div id=\"ultimate-heading-673269f1c3e06aea5\" class=\"uvc-heading ult-adjust-bottom-margin ultimate-heading-673269f1c3e06aea5 uvc-5410 color-title accent-icon-color\" data-hspacer=\"icon_only\"  data-halign=\"center\" style=\"text-align:center\"><div class=\"uvc-heading-spacer icon_only\" style=\"margin-bottom:20px;\"><div class=\"ult-just-icon-wrapper  \"><div class=\"align-icon\" style=\"text-align:center;\">\n<div class=\"aio-icon none \"  style=\"font-size:48px;display:inline-block;\">\n\t<i class=\"icomoon-font-awesome-14x14-envelope-o\"><\/i>\n<\/div><\/div><\/div><\/div><div class=\"uvc-main-heading ult-responsive\"  data-ultimate-target='.uvc-heading.ultimate-heading-673269f1c3e06aea5 h2'  data-responsive-json-new='{\"font-size\":\"desktop:12px;\",\"line-height\":\"desktop:24px;\"}' ><h2 style=\"font-weight:bold;color:#bbbbbb;margin-bottom:4px;\">DROP US A LINE<\/h2><\/div><div class=\"uvc-sub-heading ult-responsive\"  data-ultimate-target='.uvc-heading.ultimate-heading-673269f1c3e06aea5 .uvc-sub-heading '  data-responsive-json-new='{\"font-size\":\"\",\"line-height\":\"\"}'  style=\"font-weight:bold;margin-bottom:0px;\">contact@nexus-editions.org<\/p>\n<p><\/div><\/div>[\/vc_column_inner][\/vc_row_inner][\/vc_column][vc_column offset=&#8221;vc_col-lg-offset-2 vc_col-lg-8 vc_col-md-offset-1 vc_col-md-11 vc_col-sm-offset-0&#8243;]<div id=\"ultimate-heading-188369f1c3e06aee7\" class=\"uvc-heading ult-adjust-bottom-margin ultimate-heading-188369f1c3e06aee7 uvc-4669 \" data-hspacer=\"no_spacer\"  data-halign=\"center\" style=\"text-align:center\"><div class=\"uvc-heading-spacer no_spacer\" style=\"top\"><\/div><div class=\"uvc-main-heading ult-responsive\"  data-ultimate-target='.uvc-heading.ultimate-heading-188369f1c3e06aee7 h2'  data-responsive-json-new='{\"font-size\":\"desktop:26px;\",\"line-height\":\"desktop:36px;\"}' ><h2 style=\"font-weight:bold;margin-bottom:25px;\">DES QUESTIONS OU DES PROPOSITIONS ?<\/h2><\/div><\/div>[vc_column_text css=&#8221;.vc_custom_1774901230472{padding-bottom: 40px !important;}&#8221;]<\/p>\n<p style=\"text-align: center;\">N&#8217;h\u00e9sitez pas \u00e0 nous contacter pour toute question, commentaire, demande de clarification ou assistance pour l&#8217;achat ou le retour d&#8217;un ouvrage. Nous sommes aussi tr\u00e8s int\u00e9ress\u00e9s par les retours de nos lecteurs donc, quand vous aurez lu le livre, venez faire un commentaire sur notre site. Cela nous fera tr\u00e8s plaisir !<\/p>\n<p>[\/vc_column_text]<form class=\"dt-contact-form dt-form privacy-form\" method=\"post\"><input type=\"hidden\" name=\"widget_id\" value=\"presscore-contact-form-widget--1\" \/><input type=\"hidden\" name=\"send_message\" value=\"\" \/><input type=\"hidden\" name=\"security_token\" value=\"dcf384921b12687e5a9f\"\/><div class=\"form-fields\"><span class=\"form-name\"><label class=\"assistive-text\">Name *<\/label><input type=\"text\" class=\"validate[required]\" placeholder=\"Name *\" name=\"name\" value=\"\" aria-required=\"true\">\n<\/span><span class=\"form-mail\"><label class=\"assistive-text\">E-mail *<\/label><input type=\"text\" class=\"validate[required,custom[email]]\" placeholder=\"E-mail *\" name=\"email\" value=\"\" aria-required=\"true\">\n<\/span><span class=\"form-telephone\"><label class=\"assistive-text\">Telephone<\/label><input type=\"text\" placeholder=\"Telephone\" name=\"telephone\" value=\"\" aria-required=\"false\">\n<\/span><span class=\"form-country\"><label class=\"assistive-text\">Country *<\/label><input type=\"text\" class=\"validate[required]\" placeholder=\"Country *\" name=\"country\" value=\"\" aria-required=\"true\">\n<\/span><span class=\"form-city\"><label class=\"assistive-text\">City<\/label><input type=\"text\" placeholder=\"City\" name=\"city\" value=\"\" aria-required=\"false\">\n<\/span><span class=\"form-company\"><label class=\"assistive-text\">Company<\/label><input type=\"text\" placeholder=\"Company\" name=\"company\" value=\"\" aria-required=\"false\">\n<\/span><span class=\"form-website\"><label class=\"assistive-text\">Website<\/label><input type=\"text\" placeholder=\"Website\" name=\"website\" value=\"\" aria-required=\"false\">\n<\/span><\/div><span class=\"form-message\"><label class=\"assistive-text\">Message *<\/label><textarea class=\"validate[required]\" placeholder=\"Message *\" name=\"message\" rows=\"6\" aria-required=\"true\"><\/textarea>\n<\/span><p class=\"the7-form-terms-wrap\"><input type=\"checkbox\" id=\"the7-form-terms-dc40b7120e77741d191c0d2b82cea7be\" name=\"terms\" class=\"validate[required] the7-form-terms\" aria-required=\"true\" \/>&nbsp;<label for=\"the7-form-terms-dc40b7120e77741d191c0d2b82cea7be\"><span class=\"form-terms-text\">By using this form you agree with the storage and handling of your data by this website.<\/span><\/label><\/p><p><a href=\"#\" class=\"dt-btn dt-btn-m dt-btn-submit\" rel=\"nofollow\"><span>Send Message<\/span><\/a><input class=\"assistive-text\" type=\"submit\" value=\"submit\"><\/p><\/form>\n[\/vc_column][\/vc_row][vc_row bg_type=&#8221;bg_color&#8221; bg_override=&#8221;ex-full&#8221; type=&#8221;vc_default&#8221; css=&#8221;.vc_custom_1491379982229{padding-top: 10px !important;padding-bottom: 10px !important;}&#8221; bg_color_value=&#8221;#f4f4f4&#8243;][vc_column offset=&#8221;vc_col-lg-offset-1 vc_col-lg-10 vc_col-md-offset-0 vc_col-md-12 vc_col-sm-offset-0 vc_col-xs-12&#8243;][vc_row_inner css=&#8221;.vc_custom_1479056947997{padding-top: 50px !important;}&#8221;][vc_column_inner width=&#8221;1\/3&#8243; css=&#8221;.vc_custom_1491380312947{padding-bottom: 50px !important;}&#8221; offset=&#8221;vc_col-lg-4 vc_col-md-4&#8243;]<div class=\"ult-just-icon-wrapper accent-icon-color accent-border-color  vc_custom_1774901466496\"><div class=\"align-icon\" style=\"text-align:center;\">\n<a class=\"aio-tooltip 69f1c3e06b249\" href=\"https:\/\/www.linkedin.com\/showcase\/112351280\/\" target=\"_blank\" rel=\"noopener\"  data-toggle=\"tooltip\" data-placement=\"\"><div class=\"aio-icon advanced \"  style=\"border-style:solid;border-color:;border-width:3px;width:60px;height:60px;line-height:60px;border-radius:500px;font-size:28px;display:inline-block;\">\n\t<i class=\"icomoon-font-awesome-14x14-linkedin-square\"><\/i>\n<\/div><\/a><\/div><\/div><div id=\"ultimate-heading-210869f1c3e06b286\" class=\"uvc-heading ult-adjust-bottom-margin ultimate-heading-210869f1c3e06b286 uvc-1897 accent-subtitle-color\" data-hspacer=\"no_spacer\"  data-halign=\"center\" style=\"text-align:center\"><div class=\"uvc-heading-spacer no_spacer\" style=\"top\"><\/div><div class=\"uvc-main-heading ult-responsive\"  data-ultimate-target='.uvc-heading.ultimate-heading-210869f1c3e06b286 h2'  data-responsive-json-new='{\"font-size\":\"desktop:12px;\",\"line-height\":\"desktop:24px;\"}' ><h2 style=\"font-weight:bold;margin-bottom:4px;\">LINKEDIN<\/h2><\/div><div class=\"uvc-sub-heading ult-responsive\"  data-ultimate-target='.uvc-heading.ultimate-heading-210869f1c3e06b286 .uvc-sub-heading '  data-responsive-json-new='{\"font-size\":\"\",\"line-height\":\"\"}'  style=\"font-weight:bold;margin-bottom:0px;\">@Nexus-Editions<\/p>\n<p><\/div><\/div>[\/vc_column_inner][\/vc_row_inner][\/vc_column][\/vc_row]<\/p>\n<\/div>","protected":false},"excerpt":{"rendered":"<p>[vc_row full_width=&#8221;stretch_row&#8221; equal_height=&#8221;yes&#8221; bg_type=&#8221;bg_color&#8221; type=&#8221;vc_default&#8221; margin_top=&#8221;75&#8243; margin_bottom=&#8221;-20&#8243; css=&#8221;.vc_custom_1491379839707{padding-top: 70px !important;padding-bottom: 70px !important;background-color: #ffffff !important;}&#8221; bg_color_value=&#8221;#ffffff&#8221;][vc_column css=&#8221;.vc_custom_1479032696835{padding-bottom: 40px !important;}&#8221; offset=&#8221;vc_col-lg-offset-1 vc_col-lg-10 vc_col-md-offset-0 vc_col-md-12 vc_col-sm-offset-0&#8243;][vc_row_inner equal_height=&#8221;yes&#8221;][vc_column_inner width=&#8221;1\/3&#8243; css=&#8221;.vc_custom_1479032888299{padding-bottom: 35px !important;}&#8221;][\/vc_column_inner][vc_column_inner width=&#8221;1\/3&#8243; css=&#8221;.vc_custom_1479032916919{padding-bottom: 35px !important;}&#8221;][\/vc_column_inner][vc_column_inner width=&#8221;1\/3&#8243; css=&#8221;.vc_custom_1479032922138{padding-bottom: 35px !important;}&#8221;][\/vc_column_inner][\/vc_row_inner][\/vc_column][vc_column offset=&#8221;vc_col-lg-offset-2 vc_col-lg-8 vc_col-md-offset-1 vc_col-md-11 vc_col-sm-offset-0&#8243;][vc_column_text css=&#8221;.vc_custom_1774901230472{padding-bottom: 40px !important;}&#8221;] N&#8217;h\u00e9sitez pas \u00e0 nous contacter pour toute question, commentaire, demande de&hellip;<\/p>\n","protected":false},"author":1,"featured_media":0,"parent":0,"menu_order":90,"comment_status":"closed","ping_status":"closed","template":"","meta":{"footnotes":""},"class_list":["post-546","page","type-page","status-publish","hentry","description-off"],"_links":{"self":[{"href":"https:\/\/www.syn-yeraz.com\/TRUSTED-TheBook\/wp-json\/wp\/v2\/pages\/546","targetHints":{"allow":["GET"]}}],"collection":[{"href":"https:\/\/www.syn-yeraz.com\/TRUSTED-TheBook\/wp-json\/wp\/v2\/pages"}],"about":[{"href":"https:\/\/www.syn-yeraz.com\/TRUSTED-TheBook\/wp-json\/wp\/v2\/types\/page"}],"author":[{"embeddable":true,"href":"https:\/\/www.syn-yeraz.com\/TRUSTED-TheBook\/wp-json\/wp\/v2\/users\/1"}],"replies":[{"embeddable":true,"href":"https:\/\/www.syn-yeraz.com\/TRUSTED-TheBook\/wp-json\/wp\/v2\/comments?post=546"}],"version-history":[{"count":3,"href":"https:\/\/www.syn-yeraz.com\/TRUSTED-TheBook\/wp-json\/wp\/v2\/pages\/546\/revisions"}],"predecessor-version":[{"id":24647,"href":"https:\/\/www.syn-yeraz.com\/TRUSTED-TheBook\/wp-json\/wp\/v2\/pages\/546\/revisions\/24647"}],"wp:attachment":[{"href":"https:\/\/www.syn-yeraz.com\/TRUSTED-TheBook\/wp-json\/wp\/v2\/media?parent=546"}],"curies":[{"name":"wp","href":"https:\/\/api.w.org\/{rel}","templated":true}]}}