{"id":24361,"date":"2026-03-23T22:22:12","date_gmt":"2026-03-23T22:22:12","guid":{"rendered":"https:\/\/www.syn-yeraz.com\/TRUSTED-TheBook\/?post_type=product&#038;p=24361"},"modified":"2026-03-30T20:15:22","modified_gmt":"2026-03-30T20:15:22","slug":"trusted-larchitecture-invisible-du-pouvoir-numerique","status":"publish","type":"product","link":"https:\/\/www.syn-yeraz.com\/TRUSTED-TheBook\/product\/trusted-larchitecture-invisible-du-pouvoir-numerique\/","title":{"rendered":"TRUSTED &#8211; L&#8217;architecture invisible du pouvoir num\u00e9rique"},"content":{"rendered":"<p>Jamais nos soci\u00e9t\u00e9s n\u2019ont \u00e9t\u00e9 aussi d\u00e9pendantes du num\u00e9rique. Jamais, pourtant, le doute n\u2019y a occup\u00e9 une place aussi centrale. Pannes invisibles, cyberattaques, mod\u00e8les d\u2019intelligence artificielle opaques, cha\u00eenes de responsabilit\u00e9 fragment\u00e9es : le r\u00e9el vacille parfois sous le poids d\u2019infrastructures devenues aussi essentielles qu\u2019insaisissables. \u00c0 mesure que les outils gagnent en performance, en \u00e9chelle et en complexit\u00e9, une question s\u2019impose : qui v\u00e9rifie r\u00e9ellement ce que le num\u00e9rique affirme ? Et, plus encore, sur quoi repose la confiance que nous accordons chaque jour \u00e0 des dispositifs que nous ne comprenons plus directement ?<\/p>\n<div class=\"hr-thin\"><\/div>\n<p>Dans ce parcours, l\u2019auteur explore avec nuance la confiance num\u00e9rique non comme un sentiment, une valeur morale ou une certitude technique mais comme un enjeu de gouvernabilit\u00e9. \u00c0 rebours des discours technicistes ou purement r\u00e9glementaires, il montre qu\u2019elle ne se d\u00e9cr\u00e8te pas et ne se r\u00e9tablit pas m\u00e9caniquement. Elle se construit dans la dur\u00e9e, \u00e0 travers des nomenclatures, des normes, des pratiques et des arbitrages humains qui rendent les infrastructures lisibles, contestables et ajustables, m\u00eame lorsqu\u2019elles demeurent partiellement opaques. Sans promettre de solution cl\u00e9 en main, cet ouvrage propose une grille de lecture rigoureuse pour comprendre comment nos soci\u00e9t\u00e9s apprennent \u00e0 rendre la confiance praticable dans un environnement marqu\u00e9 par l\u2019incertitude, la multipolarit\u00e9 et l\u2019interd\u00e9pendance croissante des fondations num\u00e9riques de notre soci\u00e9t\u00e9.<\/p>\n<p><strong><\/p>\n<div class=\"hr-thin\"><\/div>\n<p>TRUSTED<\/strong> s\u2019adresse aux dirigeants, aux experts du num\u00e9rique, aux d\u00e9cideurs publics, aux chercheurs et aux acteurs \u00e9conomiques qui veulent penser la transformation num\u00e9rique autrement que par la seule performance ou la conformit\u00e9 et \u00e0 celles et ceux qui souhaitent comprendre comment se fabrique, aujourd\u2019hui, la confiance au c\u0153ur de ces syst\u00e8mes qui structurent nos vies.<\/p>\n","protected":false},"excerpt":{"rendered":"<p><strong data-start=\"0\" data-end=\"11\" data-is-only-node=\"\">TRUSTED<\/strong> explore les m\u00e9canismes invisibles qui rendent le num\u00e9rique cr\u00e9dible, acceptable et gouvernable, au croisement de la confiance, de la preuve, des normes et du pouvoir. Cet essai propose une lecture claire et ambitieuse des infrastructures techniques, juridiques et institutionnelles qui soutiennent silencieusement nos usages num\u00e9riques.<\/p>\n","protected":false},"featured_media":24609,"comment_status":"open","ping_status":"closed","template":"","meta":[],"product_brand":[],"product_cat":[119],"product_tag":[120,121],"class_list":{"0":"post-24361","1":"product","2":"type-product","3":"status-publish","4":"has-post-thumbnail","6":"product_cat-books","7":"product_tag-book","8":"product_tag-paperback","9":"description-off","11":"first","12":"instock","13":"taxable","14":"shipping-taxable","15":"purchasable","16":"product-type-simple"},"_links":{"self":[{"href":"https:\/\/www.syn-yeraz.com\/TRUSTED-TheBook\/wp-json\/wp\/v2\/product\/24361","targetHints":{"allow":["GET"]}}],"collection":[{"href":"https:\/\/www.syn-yeraz.com\/TRUSTED-TheBook\/wp-json\/wp\/v2\/product"}],"about":[{"href":"https:\/\/www.syn-yeraz.com\/TRUSTED-TheBook\/wp-json\/wp\/v2\/types\/product"}],"replies":[{"embeddable":true,"href":"https:\/\/www.syn-yeraz.com\/TRUSTED-TheBook\/wp-json\/wp\/v2\/comments?post=24361"}],"wp:featuredmedia":[{"embeddable":true,"href":"https:\/\/www.syn-yeraz.com\/TRUSTED-TheBook\/wp-json\/wp\/v2\/media\/24609"}],"wp:attachment":[{"href":"https:\/\/www.syn-yeraz.com\/TRUSTED-TheBook\/wp-json\/wp\/v2\/media?parent=24361"}],"wp:term":[{"taxonomy":"product_brand","embeddable":true,"href":"https:\/\/www.syn-yeraz.com\/TRUSTED-TheBook\/wp-json\/wp\/v2\/product_brand?post=24361"},{"taxonomy":"product_cat","embeddable":true,"href":"https:\/\/www.syn-yeraz.com\/TRUSTED-TheBook\/wp-json\/wp\/v2\/product_cat?post=24361"},{"taxonomy":"product_tag","embeddable":true,"href":"https:\/\/www.syn-yeraz.com\/TRUSTED-TheBook\/wp-json\/wp\/v2\/product_tag?post=24361"}],"curies":[{"name":"wp","href":"https:\/\/api.w.org\/{rel}","templated":true}]}}